{"id":491,"date":"2022-09-01T04:31:29","date_gmt":"2022-09-01T04:31:29","guid":{"rendered":"https:\/\/tiwala.com.co\/co\/?page_id=491"},"modified":"2025-11-05T12:41:52","modified_gmt":"2025-11-05T17:41:52","slug":"tiwu_seguro","status":"publish","type":"page","link":"https:\/\/tiwala.com.co\/co\/tiwu_seguro\/","title":{"rendered":"tiwuseguro"},"content":{"rendered":"<div data-colibri-id=\"491-c1\" class=\"style-763 style-local-491-c1 position-relative\">\n  <!---->\n  <div data-colibri-component=\"section\" data-colibri-id=\"491-c2\" id=\"bannerseguro\" class=\"h-section h-section-global-spacing d-flex align-items-lg-center align-items-md-center align-items-center style-823 style-local-491-c2 position-relative\">\n    <!---->\n    <!---->\n    <div class=\"h-section-grid-container h-section-boxed-container\">\n      <!---->\n      <div data-colibri-id=\"491-c3\" class=\"h-row-container gutters-row-lg-2 gutters-row-md-2 gutters-row-0 gutters-row-v-lg-2 gutters-row-v-md-2 gutters-row-v-2 style-831 style-local-491-c3 position-relative\">\n        <!---->\n        <div class=\"h-row justify-content-lg-center justify-content-md-center justify-content-center align-items-lg-stretch align-items-md-stretch align-items-stretch gutters-col-lg-2 gutters-col-md-2 gutters-col-0 gutters-col-v-lg-2 gutters-col-v-md-2 gutters-col-v-2\">\n          <!---->\n          <div class=\"h-column h-column-container d-flex h-col-lg-auto h-col-md-auto h-col-auto style-832-outer style-local-491-c4-outer\">\n            <div data-colibri-id=\"491-c4\" class=\"d-flex h-flex-basis h-column__inner h-px-lg-2 h-px-md-2 h-px-2 v-inner-lg-2 v-inner-md-2 v-inner-2 style-832 style-local-491-c4 position-relative\">\n              <!---->\n              <!---->\n              <div class=\"w-100 h-y-container h-column__content h-column__v-align flex-basis-100 align-self-lg-start align-self-md-start align-self-start\">\n                <!---->\n                <div data-colibri-id=\"491-c5\" class=\"h-global-transition-all h-heading style-833 style-local-491-c5 position-relative h-element\">\n                  <!---->\n                  <div class=\"h-heading__outer style-833 style-local-491-c5\">\n                    <!---->\n                    <!---->\n                    <h1 class=\"\"><span style=\"color: rgb(109, 109, 109); font-weight: 700;\">Conoce c\u00f3mo te protegemos<\/span><\/h1>\n                  <\/div>\n                <\/div>\n              <\/div>\n            <\/div>\n          <\/div>\n        <\/div>\n      <\/div>\n      <div data-colibri-id=\"491-c6\" class=\"h-row-container gutters-row-lg-2 gutters-row-md-2 gutters-row-0 gutters-row-v-lg-2 gutters-row-v-md-2 gutters-row-v-2 style-834 style-local-491-c6 position-relative\">\n        <!---->\n        <div class=\"h-row justify-content-lg-center justify-content-md-center justify-content-center align-items-lg-stretch align-items-md-stretch align-items-stretch gutters-col-lg-2 gutters-col-md-2 gutters-col-0 gutters-col-v-lg-2 gutters-col-v-md-2 gutters-col-v-2\">\n          <!---->\n          <div class=\"h-column h-column-container d-flex h-col-lg-auto h-col-md-auto h-col-auto style-835-outer style-local-491-c7-outer\">\n            <div data-colibri-id=\"491-c7\" class=\"d-flex h-flex-basis h-column__inner h-px-lg-2 h-px-md-2 h-px-2 v-inner-lg-2 v-inner-md-2 v-inner-2 style-835 style-local-491-c7 position-relative\">\n              <!---->\n              <!---->\n              <div class=\"w-100 h-y-container h-column__content h-column__v-align flex-basis-100 align-self-lg-start align-self-md-start align-self-start\">\n                <!---->\n                <div data-colibri-id=\"491-c8\" class=\"h-global-transition-all h-heading style-836 style-local-491-c8 position-relative h-element\">\n                  <!---->\n                  <div class=\"h-heading__outer style-836 style-local-491-c8\">\n                    <!---->\n                    <!---->\n                    <h4 class=\"\"><span style=\"color: rgb(210, 15, 187);\">Nuestros #Tiwala van con la mejor protecci\u00f3n<\/span><\/h4>\n                  <\/div>\n                <\/div>\n              <\/div>\n            <\/div>\n          <\/div>\n        <\/div>\n      <\/div>\n    <\/div>\n  <\/div>\n  <div data-colibri-component=\"section\" data-colibri-id=\"491-c13\" id=\"testimonials\" class=\"h-section h-section-global-spacing d-flex align-items-lg-center align-items-md-center align-items-center style-1764 style-local-491-c13 position-relative\">\n    <!---->\n    <!---->\n    <div class=\"h-section-grid-container h-section-boxed-container\">\n      <div data-colibri-id=\"491-c34\" class=\"h-row-container gutters-row-lg-2 gutters-row-md-2 gutters-row-0 gutters-row-v-lg-2 gutters-row-v-md-2 gutters-row-v-2 style-1772 style-local-491-c34 position-relative\">\n        <!---->\n        <div class=\"h-row justify-content-lg-center justify-content-md-center justify-content-center align-items-lg-stretch align-items-md-stretch align-items-stretch gutters-col-lg-2 gutters-col-md-2 gutters-col-0 gutters-col-v-lg-2 gutters-col-v-md-2 gutters-col-v-2\">\n          <!---->\n          <div class=\"h-column h-column-container d-flex h-col-lg-auto h-col-md-auto h-col-auto style-1773-outer style-local-491-c35-outer\">\n            <div data-colibri-id=\"491-c35\" class=\"d-flex h-flex-basis h-column__inner h-px-lg-2 h-px-md-2 h-px-2 v-inner-lg-2 v-inner-md-2 v-inner-2 style-1773 style-local-491-c35 position-relative\">\n              <!---->\n              <!---->\n              <div class=\"w-100 h-y-container h-column__content h-column__v-align flex-basis-100 align-self-lg-start align-self-md-start align-self-start\">\n                <!---->\n                <div data-colibri-id=\"491-c36\" class=\"h-global-transition-all h-heading style-1774 style-local-491-c36 position-relative h-element\">\n                  <!---->\n                  <div class=\"h-heading__outer style-1774 style-local-491-c36\">\n                    <!---->\n                    <!---->\n                    <h2 class=\"\">POLITICA DE SEGUROS TIWALA RENT S.A.S<\/h2>\n                  <\/div>\n                <\/div>\n                <div data-colibri-id=\"491-c37\" class=\"h-lead h-text h-text-component style-1775 style-local-491-c37 position-relative h-element\">\n                  <!---->\n                  <!---->\n                  <div class=\"\">\n                    <p>P\u00f3liza de Seguro Automotriz &#8211; SURA<\/p>\n                  <\/div>\n                <\/div>\n              <\/div>\n            <\/div>\n          <\/div>\n        <\/div>\n      <\/div>\n      <div data-colibri-id=\"491-c14\" class=\"h-row-container gutters-row-lg-2 gutters-row-md-2 gutters-row-0 gutters-row-v-lg-2 gutters-row-v-md-2 gutters-row-v-2 style-1765 style-local-491-c14 position-relative\">\n        <!---->\n        <div class=\"h-row justify-content-lg-center justify-content-md-center justify-content-center align-items-lg-stretch align-items-md-stretch align-items-stretch gutters-col-lg-2 gutters-col-md-2 gutters-col-0 gutters-col-v-lg-2 gutters-col-v-md-2 gutters-col-v-2\">\n          <!---->\n          <div class=\"h-column h-column-container d-flex h-col-lg-4 h-col-md-6 h-col-12 style-1766-outer style-local-491-c15-outer\">\n            <div data-colibri-id=\"491-c15\" class=\"d-flex h-flex-basis h-column__inner h-px-lg-3 h-px-md-3 h-px-3 v-inner-lg-3 v-inner-md-3 v-inner-3 style-1766 style-local-491-c15 position-relative\">\n              <!---->\n              <!---->\n              <div class=\"w-100 h-y-container h-column__content h-column__v-align flex-basis-100 align-self-lg-start align-self-md-start align-self-start\">\n                <!---->\n                <div data-colibri-id=\"491-c16\" class=\"h-text h-text-component style-1768 style-local-491-c16 position-relative h-element\">\n                  <!---->\n                  <!---->\n                  <div class=\"\">\n                    <p><span style=\"color: rgb(0, 0, 0); font-weight: 800;\">Cobertura<\/span><\/p>\n                  <\/div>\n                <\/div>\n                <div data-colibri-id=\"491-c17\" class=\"h-global-transition-all h-heading style-1770 style-local-491-c17 position-relative h-element\">\n                  <!---->\n                  <div class=\"h-heading__outer style-1770 style-local-491-c17\">\n                    <!---->\n                    <!---->\n                    <h5 class=\"\"><span style=\"color: rgb(168, 168, 168); font-weight: 400;\">La presente p\u00f3liza de seguro automotriz emitida por Suramericana de seguros proporciona cobertura en caso de p\u00e9rdida o da\u00f1o al veh\u00edculo asegurado, as\u00ed como protecci\u00f3n en caso de responsabilidad civil por da\u00f1os a terceros.<\/span><\/h5>\n                  <\/div>\n                <\/div>\n              <\/div>\n            <\/div>\n          <\/div>\n          <div class=\"h-column h-column-container d-flex h-col-lg-4 h-col-md-6 h-col-12 style-1766-outer style-local-491-c18-outer\">\n            <div data-colibri-id=\"491-c18\" class=\"d-flex h-flex-basis h-column__inner h-px-lg-3 h-px-md-3 h-px-3 v-inner-lg-3 v-inner-md-3 v-inner-3 style-1766 style-local-491-c18 position-relative\">\n              <!---->\n              <!---->\n              <div class=\"w-100 h-y-container h-column__content h-column__v-align flex-basis-100 align-self-lg-start align-self-md-start align-self-start\">\n                <!---->\n                <div data-colibri-id=\"491-c19\" class=\"h-text h-text-component style-1768 style-local-491-c19 position-relative h-element\">\n                  <!---->\n                  <!---->\n                  <div class=\"\">\n                    <p><strong style=\"color: rgb(0, 0, 0); font-weight: 800;\">Deducibles:<\/strong><\/p>\n                  <\/div>\n                <\/div>\n                <div data-colibri-id=\"491-c20\" class=\"h-global-transition-all h-heading style-1770 style-local-491-c20 position-relative h-element\">\n                  <!---->\n                  <div class=\"h-heading__outer style-1770 style-local-491-c20\">\n                    <!---->\n                    <!---->\n                    <h5 class=\"\"><span style=\"color: rgb(162, 161, 161); font-weight: 400;\">Veh\u00edculos Livianos Particulares:<br><\/span><span style=\"color: rgb(162, 161, 161); font-weight: 300;\">1.\tP\u00e9rdidas Totales: 0% de deducible<br>2.\tP\u00e9rdidas Parciales: 1 salario m\u00ednimo legal vigente (1SMLV)<\/span>\n                      <br><span style=\"color: rgb(147, 146, 146); font-weight: 300;\">3. Rc: 0% de deducible<\/span>\n                      <br>\n                      <br>\n                      <br><span style=\"color: rgb(161, 159, 159); font-weight: 400;\">Veh\u00edculos Pesados:<\/span><span style=\"color: rgb(161, 159, 159); font-weight: 300;\"><br>4.P\u00e9rdidas Totales: 10% de deducible.<br>5.P\u00e9rdidas Parciales: 10% de deducible o 2 salarios m\u00ednimos legales vigentes (2SMLV)<\/span>\n                      <br><span style=\"color: rgb(165, 164, 164); font-weight: 300;\">6.Rc: 10% de deducible \u00f3&nbsp;1 salario m\u00ednimo legal vigente (1SMLV).<\/span><span style=\"color: rgb(199, 199, 199); font-weight: 300;\"><br><\/span>\n                      <br>\n                    <\/h5>\n                  <\/div>\n                <\/div>\n              <\/div>\n            <\/div>\n          <\/div>\n        <\/div>\n      <\/div>\n      <div data-colibri-id=\"491-c24\" class=\"h-row-container gutters-row-lg-2 gutters-row-md-2 gutters-row-0 gutters-row-v-lg-2 gutters-row-v-md-2 gutters-row-v-2 style-1778 style-local-491-c24 position-relative\">\n        <!---->\n        <div class=\"h-row justify-content-lg-center justify-content-md-center justify-content-center align-items-lg-stretch align-items-md-stretch align-items-stretch gutters-col-lg-2 gutters-col-md-2 gutters-col-0 gutters-col-v-lg-2 gutters-col-v-md-2 gutters-col-v-2\">\n          <!---->\n          <div class=\"h-column h-column-container d-flex h-col-lg-auto h-col-md-auto h-col-auto style-1779-outer style-local-491-c25-outer\">\n            <div data-colibri-id=\"491-c25\" class=\"d-flex h-flex-basis h-column__inner h-px-lg-2 h-px-md-2 h-px-2 v-inner-lg-2 v-inner-md-2 v-inner-2 style-1779 style-local-491-c25 position-relative\">\n              <!---->\n              <!---->\n              <div class=\"w-100 h-y-container h-column__content h-column__v-align flex-basis-100 align-self-lg-start align-self-md-start align-self-start\">\n                <!---->\n                <div data-colibri-id=\"491-c23\" class=\"h-global-transition-all h-heading style-1770 style-local-491-c23 position-relative h-element\">\n                  <!---->\n                  <div class=\"h-heading__outer style-1770 style-local-491-c23\">\n                    <!---->\n                    <!---->\n                    <h5 class=\"\"><span style=\"color: rgb(191, 190, 190); font-weight: 400;\">*Conductor Especial<br>*Conductor Elegido<br><br><br><\/span><\/h5>\n                  <\/div>\n                <\/div>\n                <div data-colibri-id=\"491-c26\" class=\"h-text h-text-component style-1780 style-local-491-c26 position-relative h-element\">\n                  <!---->\n                  <!---->\n                  <div class=\"\">\n                    <p>\n                      <br>\n                    <\/p>\n                    <p><strong>L\u00ednea de Atenci\u00f3n al Cliente<\/strong><\/p>\n                    <p>\n                      <br>\n                    <\/p>\n                    <p><strong><em>\ufeff<\/em><\/strong>Para reportar siniestros, consultas o cualquier otra informaci\u00f3n relacionada con esta p\u00f3liza, comun\u00edquese con nuestra l\u00ednea de atenci\u00f3n al cliente en el n\u00famero #888. Tambi\u00e9n puede contactarnos a trav\u00e9s de\n                      l\u00ednea de atenci\u00f3n whatsapp Sura +57 315 2757888 o APP&nbsp;Seguros&nbsp;Sura.<\/p>\n                    <p>Esta p\u00f3liza de seguro automotriz ha sido emitida por Seguros Generales Suramericana. S.A. una compa\u00f1\u00eda l\u00edder en el sector asegurador. Le recomendamos revisar detenidamente los t\u00e9rminos y condiciones de la p\u00f3liza para comprender completamente\n                      su cobertura y beneficios.<\/p>\n                  <\/div>\n                <\/div>\n              <\/div>\n            <\/div>\n          <\/div>\n        <\/div>\n      <\/div>\n      <div data-colibri-id=\"491-c27\" class=\"h-row-container gutters-row-lg-2 gutters-row-md-2 gutters-row-0 gutters-row-v-lg-2 gutters-row-v-md-2 gutters-row-v-2 style-1781 style-local-491-c27 position-relative\">\n        <!---->\n        <div class=\"h-row justify-content-lg-center justify-content-md-center justify-content-center align-items-lg-stretch align-items-md-stretch align-items-stretch gutters-col-lg-2 gutters-col-md-2 gutters-col-0 gutters-col-v-lg-2 gutters-col-v-md-2 gutters-col-v-2\">\n          <!---->\n          <div class=\"h-column h-column-container d-flex h-col-lg-auto h-col-md-auto h-col-auto style-1782-outer style-local-491-c28-outer\">\n            <div data-colibri-id=\"491-c28\" class=\"d-flex h-flex-basis h-column__inner h-px-lg-2 h-px-md-2 h-px-2 v-inner-lg-2 v-inner-md-2 v-inner-2 style-1782 style-local-491-c28 position-relative\">\n              <!---->\n              <!---->\n              <div class=\"w-100 h-y-container h-column__content h-column__v-align flex-basis-100 align-self-lg-start align-self-md-start align-self-start\">\n                <!---->\n                <div data-colibri-id=\"491-c29\" class=\"h-text h-text-component style-1783 style-local-491-c29 position-relative h-element\">\n                  <!---->\n                  <!---->\n                  <div class=\"\">\n                    <p><strong>Nota Importante:&nbsp;<\/strong>La informaci\u00f3n proporcionada aqu\u00ed es solo para fines ilustrativos y no reemplaza los t\u00e9rminos y condiciones reales de la p\u00f3liza emitida por Seguros Generales Suramericana. S.A. . Le recomendamos\n                      leer detenidamente la p\u00f3liza completa antes de aceptarla y firmar cualquier contrato.<\/p>\n                  <\/div>\n                <\/div>\n              <\/div>\n            <\/div>\n          <\/div>\n        <\/div>\n      <\/div>\n      <div data-colibri-id=\"491-c30\" class=\"h-row-container gutters-row-lg-2 gutters-row-md-2 gutters-row-0 gutters-row-v-lg-2 gutters-row-v-md-2 gutters-row-v-2 style-1784 style-local-491-c30 position-relative\">\n        <!---->\n        <div class=\"h-row justify-content-lg-center justify-content-md-center justify-content-center align-items-lg-stretch align-items-md-stretch align-items-stretch gutters-col-lg-2 gutters-col-md-2 gutters-col-0 gutters-col-v-lg-2 gutters-col-v-md-2 gutters-col-v-2\">\n          <!---->\n          <div class=\"h-column h-column-container d-flex h-col-lg-auto h-col-md-auto h-col-auto style-1785-outer style-local-491-c31-outer\">\n            <div data-colibri-id=\"491-c31\" class=\"d-flex h-flex-basis h-column__inner h-ui-empty-state-container h-px-lg-2 h-px-md-2 h-px-2 v-inner-lg-2 v-inner-md-2 v-inner-2 style-1785 style-local-491-c31 position-relative\">\n              <!---->\n              <!---->\n              <div class=\"w-100 h-y-container h-column__content h-column__v-align flex-basis-100\">\n                <!---->\n              <\/div>\n            <\/div>\n          <\/div>\n        <\/div>\n      <\/div>\n    <\/div>\n  <\/div>\n  <div data-colibri-component=\"section\" data-colibri-id=\"491-c38\" id=\"tiempospromedio\" class=\"h-section h-section-global-spacing d-flex align-items-lg-center align-items-md-center align-items-center style-784 style-local-491-c38 position-relative\">\n    <!---->\n    <!---->\n    <div class=\"h-section-grid-container h-section-boxed-container\">\n      <!---->\n      <div data-colibri-id=\"491-c39\" class=\"h-row-container gutters-row-lg-2 gutters-row-md-2 gutters-row-2 gutters-row-v-lg-2 gutters-row-v-md-2 gutters-row-v-2 style-785 style-local-491-c39 position-relative\">\n        <!---->\n        <div class=\"h-row justify-content-lg-center justify-content-md-center justify-content-center align-items-lg-stretch align-items-md-stretch align-items-stretch gutters-col-lg-2 gutters-col-md-2 gutters-col-2 gutters-col-v-lg-2 gutters-col-v-md-2 gutters-col-v-2\">\n          <!---->\n          <div class=\"h-column h-column-container d-flex h-col-lg-auto h-col-md-auto h-col-auto style-786-outer style-local-491-c40-outer\">\n            <div data-colibri-id=\"491-c40\" class=\"d-flex h-flex-basis h-column__inner h-px-lg-2 h-px-md-2 h-px-2 v-inner-lg-2 v-inner-md-2 v-inner-2 style-786 style-local-491-c40 position-relative\">\n              <!---->\n              <!---->\n              <div class=\"w-100 h-y-container h-column__content h-column__v-align flex-basis-100 align-self-lg-center align-self-md-center align-self-center\">\n                <!---->\n                <div data-colibri-component=\"counter\" data-colibri-id=\"491-c41\" class=\"h-counter style-787 style-local-491-c41 position-relative h-element\">\n                  <!---->\n                  <div class=\"d-inline-block container-counters\">\n                    <!---->\n                    <div class=\"title-counter-bar\">\n                      <div class=\"title-bar counter-title d-inline-block\">\n                        Tiempo medio de respuesta #322 Tiwala\n                      <\/div> <span class=\"h-counter-control bar-counter d-inline-block same-row-with-title colibri-counter-1\">\n  0\n<\/span><\/div>\n                    <div class=\"counter-container d-flex justify-content-lg-center justify-content-md-center justify-content-center\">\n                      <!---->\n                      <div class=\"div-progress-bar h-bar-progress colibri-counter-5\" style=\"width: 500px;\">\n                        <div class=\"progress\" style=\"background-color: rgba(255, 255, 255, 0.4); height: 25px;\">\n                          <div role=\"progressbar\" aria-valuenow=\"progress\" aria-valuemin=\"0\" aria-valuemax=\"100\" class=\"progress-bar progress-bar__animation hide-animation\" style=\"max-width: 7%; background-color: rgb(246, 248, 250); animation-duration: 2s;\"><\/div>\n                        <\/div>\n                        <div class=\"progress-number\"><\/div>\n                      <\/div>\n                    <\/div>\n                  <\/div>\n                <\/div>\n                <div data-colibri-component=\"counter\" data-colibri-id=\"491-c42\" class=\"h-counter style-788 style-local-491-c42 position-relative h-element\">\n                  <!---->\n                  <div class=\"d-inline-block container-counters\">\n                    <!---->\n                    <div class=\"title-counter-bar\">\n                      <div class=\"title-bar counter-title d-inline-block\">\n                        Tiempo medio de respuesta asistencia en sitio\n                      <\/div> <span class=\"h-counter-control bar-counter d-inline-block same-row-with-title colibri-counter-1\">\n  0\n<\/span><\/div>\n                    <div class=\"counter-container d-flex justify-content-lg-center justify-content-md-center justify-content-center\">\n                      <!---->\n                      <div class=\"div-progress-bar h-bar-progress colibri-counter-5\" style=\"width: 500px;\">\n                        <div class=\"progress\" style=\"background-color: rgba(255, 255, 255, 0.4); height: 25px;\">\n                          <div role=\"progressbar\" aria-valuenow=\"progress\" aria-valuemin=\"0\" aria-valuemax=\"100\" class=\"progress-bar progress-bar__animation hide-animation\" style=\"max-width: 97%; background-color: rgb(246, 248, 250); animation-duration: 2s;\"><\/div>\n                        <\/div>\n                        <div class=\"progress-number\"><\/div>\n                      <\/div>\n                    <\/div>\n                  <\/div>\n                <\/div>\n                <div data-colibri-component=\"counter\" data-colibri-id=\"491-c43\" class=\"h-counter style-789 style-local-491-c43 position-relative h-element\">\n                  <!---->\n                  <div class=\"d-inline-block container-counters\">\n                    <!---->\n                    <div class=\"title-counter-bar\">\n                      <div class=\"title-bar counter-title d-inline-block\">\n                        Satisfacci\u00f3n clientes\n                      <\/div> <span class=\"h-counter-control bar-counter d-inline-block same-row-with-title colibri-counter-1\">\n  0\n<\/span><\/div>\n                    <div class=\"counter-container d-flex justify-content-lg-center justify-content-md-center justify-content-center\">\n                      <!---->\n                      <div class=\"div-progress-bar h-bar-progress colibri-counter-5\" style=\"width: 500px;\">\n                        <div class=\"progress\" style=\"background-color: rgba(255, 255, 255, 0.4); height: 25px;\">\n                          <div role=\"progressbar\" aria-valuenow=\"progress\" aria-valuemin=\"0\" aria-valuemax=\"100\" class=\"progress-bar progress-bar__animation hide-animation\" style=\"max-width: 97%; background-color: rgb(246, 248, 250); animation-duration: 2s;\"><\/div>\n                        <\/div>\n                        <div class=\"progress-number\"><\/div>\n                      <\/div>\n                    <\/div>\n                  <\/div>\n                <\/div>\n              <\/div>\n            <\/div>\n          <\/div>\n          <div class=\"h-column h-column-container d-flex h-col-lg-auto h-col-md-auto h-col-auto style-790-outer style-local-491-c44-outer\">\n            <div data-colibri-id=\"491-c44\" class=\"d-flex h-flex-basis h-column__inner h-px-lg-2 h-px-md-2 h-px-2 v-inner-lg-2 v-inner-md-2 v-inner-2 style-790 style-local-491-c44 position-relative\">\n              <!---->\n              <!---->\n              <div class=\"w-100 h-y-container h-column__content h-column__v-align flex-basis-100 align-self-lg-center align-self-md-center align-self-center\">\n                <!---->\n                <div data-colibri-id=\"491-c45\" class=\"h-global-transition-all h-heading style-791 style-local-491-c45 position-relative h-element\">\n                  <!---->\n                  <div class=\"h-heading__outer style-791 style-local-491-c45\">\n                    <!---->\n                    <!---->\n                    <h4 class=\"\">Conoce nuestros indicadores<\/h4>\n                  <\/div>\n                <\/div>\n                <div data-colibri-id=\"491-c46\" class=\"h-global-transition-all h-heading style-792 style-local-491-c46 position-relative h-element\">\n                  <!---->\n                  <div class=\"h-heading__outer style-792 style-local-491-c46\">\n                    <!---->\n                    <!---->\n                    <h3 class=\"\">La comunicaci\u00f3n<\/h3>\n                  <\/div>\n                <\/div>\n                <div data-colibri-id=\"491-c47\" class=\"h-text h-text-component style-793 style-local-491-c47 position-relative h-element\">\n                  <!---->\n                  <!---->\n                  <div class=\"\">\n                    <p>Nuestro eje central<\/p>\n                  <\/div>\n                <\/div>\n              <\/div>\n            <\/div>\n          <\/div>\n        <\/div>\n      <\/div>\n    <\/div>\n  <\/div>\n<\/div>","protected":false},"excerpt":{"rendered":"<p>Conoce c\u00f3mo te protegemos Nuestros #Tiwala van con la mejor protecci\u00f3n POLITICA DE SEGUROS TIWALA RENT S.A.S P\u00f3liza de Seguro Automotriz &#8211; SURA Cobertura La presente p\u00f3liza de seguro automotriz emitida por Suramericana de seguros proporciona cobertura en caso de p\u00e9rdida o da\u00f1o al veh\u00edculo asegurado, as\u00ed como protecci\u00f3n en caso de responsabilidad civil por [&hellip;]<\/p>\n","protected":false},"author":1,"featured_media":0,"parent":0,"menu_order":0,"comment_status":"closed","ping_status":"closed","template":"page-templates\/homepage.php","meta":{"footnotes":""},"class_list":["post-491","page","type-page","status-publish","hentry"],"_links":{"self":[{"href":"https:\/\/tiwala.com.co\/co\/wp-json\/wp\/v2\/pages\/491","targetHints":{"allow":["GET"]}}],"collection":[{"href":"https:\/\/tiwala.com.co\/co\/wp-json\/wp\/v2\/pages"}],"about":[{"href":"https:\/\/tiwala.com.co\/co\/wp-json\/wp\/v2\/types\/page"}],"author":[{"embeddable":true,"href":"https:\/\/tiwala.com.co\/co\/wp-json\/wp\/v2\/users\/1"}],"replies":[{"embeddable":true,"href":"https:\/\/tiwala.com.co\/co\/wp-json\/wp\/v2\/comments?post=491"}],"version-history":[{"count":14,"href":"https:\/\/tiwala.com.co\/co\/wp-json\/wp\/v2\/pages\/491\/revisions"}],"predecessor-version":[{"id":2476,"href":"https:\/\/tiwala.com.co\/co\/wp-json\/wp\/v2\/pages\/491\/revisions\/2476"}],"wp:attachment":[{"href":"https:\/\/tiwala.com.co\/co\/wp-json\/wp\/v2\/media?parent=491"}],"curies":[{"name":"wp","href":"https:\/\/api.w.org\/{rel}","templated":true}]}}